{"id":1034,"date":"2021-12-03T19:55:31","date_gmt":"2021-12-03T22:55:31","guid":{"rendered":"https:\/\/isfdyt145-bue.infd.edu.ar\/sitio\/?page_id=1034"},"modified":"2022-12-07T21:52:01","modified_gmt":"2022-12-08T00:52:01","slug":"tecnicatura-superior-en-administracion-agropecuaria","status":"publish","type":"page","link":"https:\/\/isfdyt145-bue.infd.edu.ar\/sitio\/tecnicatura-superior-en-administracion-agropecuaria\/","title":{"rendered":"Tecnicatura Superior en Administraci\u00f3n Agropecuaria"},"content":{"rendered":"\n<h2 class=\"wp-block-heading\"><em><strong>Perfil del egresado.<\/strong><\/em><\/h2>\n\n\n\n<p>El T\u00e9cnico Superior en Administraci\u00f3n Agropecuaria es un\u00a0 profesional capacitado para:<\/p>\n\n\n\n<p>El T\u00e9cnico Superior en Administraci\u00f3n Agropecuaria es un profesional que estar\u00e1 capacitado<br>para organizar, programar, ejecutar y controlar las operaciones comerciales, financieras y<br>administrativas de organizaciones agropecuarias; elaborar, controlar y registrar el flujo de<br>informaci\u00f3n; organizar y planificar los recursos referidos para desarrollar sus actividades<br>interactuando con el entorno y participando en la toma de decisiones relacionadas con sus<br>actividades, coordinando equipos de trabajo relacionado con su especialidad.<br>La especificidad de su formaci\u00f3n le permitir\u00e1 adaptarse a los cambios constantes del<br>sistema productivo propio del sector, con un perfil creativo e innovador y con la impronta de<br>trabajo en equipo; y es a partir del conocimiento de la din\u00e1mica de econom\u00eda regional que<br>podr\u00e1 coordinar y controlar los procesos de producci\u00f3n, los recursos humanos implicados, y<br>el flujo de informaci\u00f3n contable y financiera necesaria para la concreci\u00f3n de los objetivos de<br>la organizaci\u00f3n.<br>Estas funciones ser\u00e1n desarrolladas seg\u00fan las incumbencias y las normas t\u00e9cnicas y legales<br>que rigen su campo profesional.<\/p>\n\n\n\n<p>Para mayor informaci\u00f3n sobre la Estructura curricular y\u00a0 los contenidos de las distintas asignaturas consultar la Resoluci\u00f3n 5032\/19<a href=\"https:\/\/isfdyt145-bue.infd.edu.ar\/sitio\/wp-content\/uploads\/2022\/12\/admin.pdf\" data-type=\"URL\" data-id=\"https:\/\/isfdyt145-bue.infd.edu.ar\/sitio\/wp-content\/uploads\/2022\/12\/admin.pdf\"> <\/a>\u00a0de creaci\u00f3n de la carrera.<\/p>\n\n\n\n<p>Programa:<\/p>\n\n\n\n<div class=\"wp-block-file\"><a href=\"https:\/\/isfdyt145-bue.infd.edu.ar\/sitio\/wp-content\/uploads\/2022\/12\/Resolucion-5032-19.pdf\">Resolucion-5032-19<\/a><a href=\"https:\/\/isfdyt145-bue.infd.edu.ar\/sitio\/wp-content\/uploads\/2022\/12\/Resolucion-5032-19.pdf\" class=\"wp-block-file__button\" download>Descarga<\/a><\/div>\n\n\n\n<p>1er a\u00f1o:<\/p>\n\n\n\n<ul><li>Econom\u00eda<\/li><li>\u00a0Principios de administraci\u00f3n<\/li><li>Matem\u00e1tica I<\/li><li>Contabilidad I<\/li><li>Producci\u00f3n animal<\/li><li>Producci\u00f3n vegetal<\/li><li>Sistemas de producci\u00f3n<\/li><li>Pr\u00e1cticas Profesionalizantes I<\/li><\/ul>\n\n\n\n<p>2do a\u00f1o<\/p>\n\n\n\n<ul><li>Derecho<\/li><li>Sociolog\u00eda rural<\/li><li>Matem\u00e1tica II<\/li><li>Estad\u00edstica<\/li><li>Metodolog\u00eda de la investigaci\u00f3n<\/li><li>Ingl\u00e9s I<\/li><li>Administraci\u00f3n agropecuaria I<\/li><li>Contabilidad II<\/li><li>Pr\u00e1cticas Profesionalizantes II<\/li><\/ul>\n\n\n\n<p>3er a\u00f1o<\/p>\n\n\n\n<ul><li>Administraci\u00f3n agropecuaria II<\/li><li>Comercializaci\u00f3n agropecuaria<\/li><li>Derecho agrario<\/li><li>Dise\u00f1o y evaluaci\u00f3n de proyectos<\/li><li>Teor\u00eda y pr\u00e1ctica tributaria<\/li><li>Ingles II<\/li><li>Pr\u00e1cticas Profesionalizantes III<\/li><\/ul>\n","protected":false},"excerpt":{"rendered":"<p>Perfil del egresado. El T\u00e9cnico Superior en Administraci\u00f3n Agropecuaria es un\u00a0 profesional capacitado para: El T\u00e9cnico Superior en Administraci\u00f3n Agropecuaria es un profesional que estar\u00e1 capacitadopara organizar, programar, ejecutar y controlar las operaciones comerciales, financieras yadministrativas de organizaciones agropecuarias; elaborar, controlar y registrar el flujo deinformaci\u00f3n; organizar y planificar los recursos referidos para desarrollar sus &#8230; <a title=\"Tecnicatura Superior en Administraci\u00f3n Agropecuaria\" class=\"read-more\" href=\"https:\/\/isfdyt145-bue.infd.edu.ar\/sitio\/tecnicatura-superior-en-administracion-agropecuaria\/\" aria-label=\"More on Tecnicatura Superior en Administraci\u00f3n Agropecuaria\">[+]<\/a><\/p>\n","protected":false},"author":11,"featured_media":0,"parent":0,"menu_order":0,"comment_status":"closed","ping_status":"closed","template":"","meta":[],"acf":[],"_links":{"self":[{"href":"https:\/\/isfdyt145-bue.infd.edu.ar\/sitio\/wp-json\/wp\/v2\/pages\/1034"}],"collection":[{"href":"https:\/\/isfdyt145-bue.infd.edu.ar\/sitio\/wp-json\/wp\/v2\/pages"}],"about":[{"href":"https:\/\/isfdyt145-bue.infd.edu.ar\/sitio\/wp-json\/wp\/v2\/types\/page"}],"author":[{"embeddable":true,"href":"https:\/\/isfdyt145-bue.infd.edu.ar\/sitio\/wp-json\/wp\/v2\/users\/11"}],"replies":[{"embeddable":true,"href":"https:\/\/isfdyt145-bue.infd.edu.ar\/sitio\/wp-json\/wp\/v2\/comments?post=1034"}],"version-history":[{"count":12,"href":"https:\/\/isfdyt145-bue.infd.edu.ar\/sitio\/wp-json\/wp\/v2\/pages\/1034\/revisions"}],"predecessor-version":[{"id":1103,"href":"https:\/\/isfdyt145-bue.infd.edu.ar\/sitio\/wp-json\/wp\/v2\/pages\/1034\/revisions\/1103"}],"wp:attachment":[{"href":"https:\/\/isfdyt145-bue.infd.edu.ar\/sitio\/wp-json\/wp\/v2\/media?parent=1034"}],"curies":[{"name":"wp","href":"https:\/\/api.w.org\/{rel}","templated":true}]}}