{"id":644,"date":"2018-06-18T14:12:35","date_gmt":"2018-06-18T17:12:35","guid":{"rendered":"https:\/\/isfdyt145-bue.infd.edu.ar\/sitio\/?page_id=644"},"modified":"2026-04-13T23:40:45","modified_gmt":"2026-04-14T02:40:45","slug":"catalogo","status":"publish","type":"page","link":"https:\/\/isfdyt145-bue.infd.edu.ar\/sitio\/catalogo\/","title":{"rendered":"Oferta de Carreras 2026"},"content":{"rendered":"\n<ul>\n<li>Profesorado de Nivel Inicial: 1\u00b0, 2\u00b0, 3\u00b0 y 4\u00b0 a\u00f1o (Carrera continua)<\/li>\n\n\n\n<li>Profesorado de Educaci\u00f3n Secundaria en Geograf\u00eda: 1\u00b0 a\u00f1o<\/li>\n\n\n\n<li>Profesorado de Educaci\u00f3n Secundaria en Biolog\u00eda: 2\u00b0 a\u00f1o  <\/li>\n\n\n\n<li>Profesorado de Educaci\u00f3n Secundaria en Econom\u00eda: 3\u00b0 a\u00f1o <\/li>\n\n\n\n<li>Profesorado de Educaci\u00f3n Secundaria en Matem\u00e1tica: 4\u00b0 a\u00f1o<\/li>\n\n\n\n<li>Profesorado de Educaci\u00f3n Secundaria en Educaci\u00f3n Especial con Orientaci\u00f3n en Neuromotores: 4\u00b0 a\u00f1o<\/li>\n\n\n\n<li>Tecnicatura Superior en Administraci\u00f3n Agropecuaria: 2\u00b0 y 3\u00b0 a\u00f1o<\/li>\n\n\n\n<li>Tecnicatura Superior en Acompa\u00f1amiento Terap\u00e9utico: 3 a\u00f1o<\/li>\n\n\n\n<li>Tecnicatura Superior en Pr\u00e1cticas Deportivas: 2\u00b0 a\u00f1o<\/li>\n\n\n\n<li>Tecnicatura Superior en Producci\u00f3n Agr\u00edcola Ganadera: 2\u00b0 a\u00f1o<\/li>\n\n\n\n<li>Tecnicatura Superior en Administraci\u00f3n de Recursos Humanos: 1\u00b0 a\u00f1o <\/li>\n<\/ul>\n","protected":false},"excerpt":{"rendered":"","protected":false},"author":1,"featured_media":0,"parent":0,"menu_order":0,"comment_status":"closed","ping_status":"closed","template":"","meta":[],"acf":[],"_links":{"self":[{"href":"https:\/\/isfdyt145-bue.infd.edu.ar\/sitio\/wp-json\/wp\/v2\/pages\/644"}],"collection":[{"href":"https:\/\/isfdyt145-bue.infd.edu.ar\/sitio\/wp-json\/wp\/v2\/pages"}],"about":[{"href":"https:\/\/isfdyt145-bue.infd.edu.ar\/sitio\/wp-json\/wp\/v2\/types\/page"}],"author":[{"embeddable":true,"href":"https:\/\/isfdyt145-bue.infd.edu.ar\/sitio\/wp-json\/wp\/v2\/users\/1"}],"replies":[{"embeddable":true,"href":"https:\/\/isfdyt145-bue.infd.edu.ar\/sitio\/wp-json\/wp\/v2\/comments?post=644"}],"version-history":[{"count":15,"href":"https:\/\/isfdyt145-bue.infd.edu.ar\/sitio\/wp-json\/wp\/v2\/pages\/644\/revisions"}],"predecessor-version":[{"id":1185,"href":"https:\/\/isfdyt145-bue.infd.edu.ar\/sitio\/wp-json\/wp\/v2\/pages\/644\/revisions\/1185"}],"wp:attachment":[{"href":"https:\/\/isfdyt145-bue.infd.edu.ar\/sitio\/wp-json\/wp\/v2\/media?parent=644"}],"curies":[{"name":"wp","href":"https:\/\/api.w.org\/{rel}","templated":true}]}}