{"id":730,"date":"2018-07-26T10:40:07","date_gmt":"2018-07-26T13:40:07","guid":{"rendered":"https:\/\/isfdyt145-bue.infd.edu.ar\/sitio\/?page_id=730"},"modified":"2026-04-14T00:15:10","modified_gmt":"2026-04-14T03:15:10","slug":"ingresantes","status":"publish","type":"page","link":"https:\/\/isfdyt145-bue.infd.edu.ar\/sitio\/estudiantes\/ingresantes\/","title":{"rendered":"Ingresantes 2026"},"content":{"rendered":"<h4>Requisitos de inscripci\u00f3n<\/h4>\n<p><span style=\"color: #0000ff;\"><strong>La siguiente informaci\u00f3n &nbsp;tiene por objeto orientar al estudiante en los aspectos administrativos inherentes a su condici\u00f3n de estudiante. Este Instituto forma parte del conjunto de Institutos Superiores de la Provincia de Buenos Aires. Todos ellos dependen de la Direcci\u00f3n de Educaci\u00f3n Superior que es parte de la Direcci\u00f3n Gral. de Cultura y Educaci\u00f3n&nbsp;<\/strong><\/span><\/p>\n<p><span style=\"color: #3366ff;\"><strong>INFORMACI\u00d3N Y ORIENTACI\u00d3N PARA EL ESTUDIANTE DE NIVEL SUPERIOR<\/strong><\/span><\/p>\n<p><strong>Documentaci\u00f3n solicitada al momento de la inscripci\u00f3n<\/strong>:<\/p>\n<ul>\n<li>2 fotos Carnet<\/li>\n<li>Fotocopia del DNI<\/li>\n<li>Fotocopia Certificado de estudios secundarios completos &nbsp;registrado en la Provincia de Buenos Aires.<\/li>\n<li>Partida de Nacimiento<\/li>\n<li>Aptitud Psicof\u00edsica<\/li>\n<li>Si al momento de la inscripci\u00f3n present\u00f3 una constancia de t\u00edtulo en tr\u00e1mite se recuerda que la misma tiene una validez de 60 d\u00edas. Es responsabilidad del ingresante presentar su t\u00edtulo secundario antes del 30\/06 .<\/li>\n<li>Solicitud Inscripci\u00f3n Curso Inicial A1:&nbsp;<a href=\"https:\/\/drive.google.com\/file\/d\/1q1iMbDJ08LVAaNgN0izsjfvl0mJPAM9P\/view?usp=sharing\">Planilla de Inscripci\u00f3n 2025<\/a><\/li>\n<\/ul>\n<p><strong>\u00bfCu\u00e1les son los requisitos de asistencia y puntualidad que se deben cumplir para acreditar una materia?<\/strong><\/p>\n<p>Para todas las Materias la asistencia no debe ser inferior al 60 % de las clases impartidas durante el a\u00f1o lectivo. El no cumplimiento de este requisito puede llevar a la p\u00e9rdida de la condici\u00f3n de estudiante regular, es decir que la materia se debe volver a cursar.<\/p>\n<p>El c\u00f3mputo de asistencia se toma para cada Materia y por m\u00f3dulo de clase; es decir un\/a estudiante puede ser regular en un espacio\/campo y perder la regularidad en otro. Por ejemplo: si una materia tiene 2 m\u00f3dulos de clase, tendr\u00e1 un AUSENTE por cada m\u00f3dulo. Es decir que los AUSENTES &nbsp;se registran por m\u00f3dulo y no por d\u00eda.<\/p>\n<p>Las situaciones extremas de salud que imposibiliten la asistencia de un\/a estudiante durante un lapso prolongado ser\u00e1n analizadas a solicitud del interesado por nota escrita elevada a la Direcci\u00f3n quien se expedir\u00e1 acerca del mantenimiento o no, del car\u00e1cter de estudiante regular.<\/p>\n<p>Como se trata de un Nivel Terciario se sobreentiende que cada uno se har\u00e1 responsable de su puntualidad y asistencia teniendo libertad de optar por ausencia y presencia de acuerdo a su propio criterio y habiendo tomado conocimiento de lo que su decisi\u00f3n implica.<\/p>\n<p><strong>\u00bfCu\u00e1l es la importancia de la Libreta de Estudiante?&nbsp;<\/strong><\/p>\n<p>Al iniciar la carrera, el estudiante solicitar\u00e1 su libreta que lo acredita como estudiante del Instituto siendo un documento muy importante para su propio control; para consultar la biblioteca, etc.<\/p>\n<p>El estudiante completar\u00e1 la misma con sus datos de filiaci\u00f3n: nombre-apellido-direcci\u00f3n-DNI-firma-foto y N\u00ba de registro de t\u00edtulo, que ser\u00e1 sellada y firmada por una autoridad, antes de la primera acreditaci\u00f3n parcial. La libreta es firmada por la Direcci\u00f3n siempre y cuando el alumno haya cumplimentado la entrega de toda la documentaci\u00f3n solicitada al momento de la inscripci\u00f3n.<\/p>\n<p>Deber\u00e1 presentarla para todas las evaluaciones ya que quedar\u00e1n asentadas en ella todas las calificaciones u observaciones realizadas al estudiante con firma del profesor correspondiente. Tiene valor de documento para el estudiante.<\/p>\n<p>Tambi\u00e9n se asentar\u00e1 en ella las equivalencias obtenidas. En caso de extrav\u00edo el estudiante tramitar\u00e1 en preceptor\u00eda un duplicado de la misma.<\/p>\n<p>En los asuntos de \u00edndole administrativo el estudiante seguir\u00e1 con el siguiente orden de instancias: en primer momento a su preceptor, &nbsp;si por alg\u00fan motivo \u00e9ste no puede resolver su problema deber\u00e1 dirigirse a&nbsp; Secretar\u00eda, teniendo como \u00faltima instancia la Direcci\u00f3n.<\/p>\n<p><strong>\u00bfC\u00f3mo se gestionan constancias y certificados?&nbsp;<\/strong><\/p>\n<p>Todo tipo de constancias se solicita en preceptor\u00eda con 24 hs. de anticipaci\u00f3n, excepto las constancias para &nbsp;evaluaciones parciales o finales. Estas deber\u00e1n ser completadas por el estudiante, firmadas por el profesor y entregadas al preceptor para ser sellada y firmada por la autoridad.<\/p>\n<p>Cuando el Estudiante finaliza su carrera solicitar\u00e1:<\/p>\n<ol>\n<li>Una constancia de t\u00edtulo en tr\u00e1mite. Dicha constancia tiene una validez de 60 d\u00edas. Pasado ese plazo deber\u00e1 renovarse hasta que obtenga el t\u00edtulo original correspondiente que se tramita por las autoridades del Instituto exclusivamente quienes elevan a las autoridades de la Direcci\u00f3n General de Escuelas de La Plata.<\/li>\n<li>cumplimentar el formulario correspondiente pidiendo el inicio de la tramitaci\u00f3n de su t\u00edtulo.<\/li>\n<\/ol>\n<p>De producirse alg\u00fan cambio de domicilio o tel\u00e9fono, el estudiante deber\u00e1 comunicarlo al preceptor.<\/p>\n<p><strong>\u00bfCu\u00e1les son los mecanismos de participaci\u00f3n democr\u00e1tica en el Instituto?&nbsp;<\/strong><\/p>\n<p>La participaci\u00f3n democr\u00e1tica de todos los actores institucionales, es un pilar b\u00e1sico en el proyecto del Instituto, de modo que se garantizar\u00e1n todos los medios para ello.<\/p>\n<p>Entre las formas de participaci\u00f3n de los alumnos se encuentran:<\/p>\n<p>\u2022El Consejo Acad\u00e9mico Institucional &nbsp;(CAI) La participaci\u00f3n en \u00e9l se ve fortalecida por el compromiso en la elecci\u00f3n de los representantes y en el accionar de ellos en el marco del CAI. Adem\u00e1s es una oportunidad de construcci\u00f3n democr\u00e1tica conjunta, ya que en el consejo interact\u00faan, docentes, alumnos y directivos.<\/p>\n<p>\u2022El Centro de Estudiantes. Que se construye con la participaci\u00f3n plena de los\/as estudiantes.<\/p>\n<p><strong>\u00bfC\u00f3mo se aprueba la cursada de cada espacio curricular\/materia?&nbsp;<\/strong><\/p>\n<p>Para aprobar la cursada, el alumno deber\u00e1:<\/p>\n<ul>\n<li>cumplir con el 60 % de asistencia;<\/li>\n<li>cumplir con dos instancias evaluativas por cuatrimestre, que ser\u00e1n acordadas con cada docente al iniciar el ciclo lectivo.&nbsp; La nota de aprobaci\u00f3n ser\u00e1 de 4 (cuatro) o m\u00e1s puntos en cada cuatrimestre;<\/li>\n<\/ul>\n<p>Existir\u00e1n dos instancias de recuperaci\u00f3n de cada espacio:<\/p>\n<ul>\n<li>&nbsp;&nbsp;La primera se tomar\u00e1 antes del receso de invierno y los estudiantes ser\u00e1n notificados de su calificaci\u00f3n antes del comienzo de las vacaciones de invierno<\/li>\n<li>La segunda se tomar\u00e1 antes de la finalizaci\u00f3n del ciclo lectivo.<\/li>\n<\/ul>\n<p>El alumno que tuviere desaprobado alg\u00fan cuatrimestre al 21\/11 del a\u00f1o en curso deber\u00e1 presentarse a un pre-final, el cual consta por un examen escrito que deber\u00e1 ser aprobado y&nbsp; luego pasara a la instancia oral.<\/p>\n<p>El alumno que estuviere ausente en un parcial (s\u00f3lo por razones graves, es decir fallecimiento de un familiar o por enfermedad justificada debidamente por nota y certificados m\u00e9dicos correspondientes) podr\u00e1 acceder al examen recuperatorio, conservando los alcances de la primera instancia de evaluaci\u00f3n.<\/p>\n<p>El alumno que tuviere ausente en las evaluaciones de ambos cuatrimestres deber\u00e1 recursar el espacio curricular.<\/p>\n<p>Quien fuere sorprendido copi\u00e1ndose en alguna instancia de evaluaci\u00f3n ser\u00e1 suspendido por un a\u00f1o en esa materia y deber\u00e1 recursar la misma.<\/p>\n<p><b>\u00bfCu\u00e1nto<\/b><strong>&nbsp;dura la cursada de cada materia?<\/strong><\/p>\n<p>Para rendir examen final, el alumno tendr\u00e1&nbsp; 5 a\u00f1os a partir de la cursada de la misma.<\/p>\n<p>El alumno que hubiere aprobado la cursada y tuviere pendiente la acreditaci\u00f3n podr\u00e1 cursar el espacio curricular correlativo inmediato posterior, no as\u00ed los siguientes. Sin embargo, no podr\u00e1 presentarse a la evaluaci\u00f3n final hasta tanto no acredite el espacio curricular correlativo pendiente.<\/p>\n<p><strong>\u00bfC\u00f3mo se acreditan las materias?<\/strong><\/p>\n<p>Cada &nbsp;materia podr\u00e1 ser acreditado por una de las siguientes formas:<\/p>\n<p>\u2022Acreditaci\u00f3n con examen final: Para obtener la acreditaci\u00f3n con examen final es necesario haber aprobado la cursada, tener aprobado\/s el\/los espacio\/s curricular\/es que consten como requisito para la cursada de las correlatividades; y aprobar un examen final individual ante una comisi\u00f3n evaluadora constituida por dos profesores y presidida por el profesor del espacio curricular. Dicha comisi\u00f3n ser\u00e1 integrada, preferentemente, por profesores de la especialidad. Esta evaluaci\u00f3n final ser\u00e1 calificada por escala num\u00e9rica de 1 (uno) a 10 (diez) puntos. La nota de aprobaci\u00f3n ser\u00e1 de 4 (cuatro) o m\u00e1s puntos sin cent\u00e9simos.<\/p>\n<p>\u2022Acreditaci\u00f3n sin examen final: En cada Carrera se seleccionar\u00e1n dos espacios\/materias por a\u00f1o para la acreditaci\u00f3n sin examen final. La selecci\u00f3n de estos espacios deber\u00e1 ser aprobada en reuni\u00f3n del CAI. Para la acreditaci\u00f3n de estas materias sin examen final &nbsp;los estudiantes deber\u00e1n tener calificaciones de 7(siete) o m\u00e1s en cada cuatrimestre, sin opci\u00f3n a recuperatorio. Las calificaciones de los informes cuatrimestrales no son promediables a fines de promocionar la asignatura sin examen final. Cada cuatrimestre tendr\u00e1 una nota igual o superior a 7 (siete).<\/p>\n<p>Los estudiantes que no alcanzaren las calificaciones estipuladas precedentemente o estuvieren ausentes en las evaluaciones pasar\u00e1n autom\u00e1ticamente al sistema de cursada con examen final.<\/p>\n<p>Igual comportamiento se adoptar\u00e1 con aquellos estudiantes que habiendo alcanzado las calificaciones estipuladas no cumplieran con el r\u00e9gimen de correlatividades al finalizar la cursada.<\/p>\n<p><strong>Consideraciones especiales:<\/strong><\/p>\n<p><strong>\u00bfCu\u00e1les son los llamados para rendir los finales?<\/strong><\/p>\n<p>La Instituci\u00f3n organizar\u00e1 cinco&nbsp; turnos de ex\u00e1menes finales al a\u00f1o, en los meses de febrero\/marzo, mayo, &nbsp;julio\/agosto y noviembre\/diciembre. El alumno podr\u00e1 presentarse a 1 (un) llamado por turno. Para poder anotarse a cualquier llamado es obligaci\u00f3n del alumno presentar la libreta de estudiante como certificaci\u00f3n que est\u00e1 en condiciones de rendir las materias solicitadas<\/p>\n<p><strong>\u00bfCu\u00e1nto se paga de cooperadora? \u00bfQui\u00e9nes cobran?<\/strong><\/p>\n","protected":false},"excerpt":{"rendered":"<p>Requisitos de inscripci\u00f3n La siguiente informaci\u00f3n &nbsp;tiene por objeto orientar al estudiante en los aspectos administrativos inherentes a su condici\u00f3n de estudiante. Este Instituto forma parte del conjunto de Institutos Superiores de la Provincia de Buenos Aires. Todos ellos dependen de la Direcci\u00f3n de Educaci\u00f3n Superior que es parte de la Direcci\u00f3n Gral. de Cultura &#8230; <a title=\"Ingresantes 2026\" class=\"read-more\" href=\"https:\/\/isfdyt145-bue.infd.edu.ar\/sitio\/estudiantes\/ingresantes\/\" aria-label=\"More on Ingresantes 2026\">[+]<\/a><\/p>\n","protected":false},"author":6,"featured_media":0,"parent":692,"menu_order":0,"comment_status":"closed","ping_status":"closed","template":"","meta":[],"acf":[],"_links":{"self":[{"href":"https:\/\/isfdyt145-bue.infd.edu.ar\/sitio\/wp-json\/wp\/v2\/pages\/730"}],"collection":[{"href":"https:\/\/isfdyt145-bue.infd.edu.ar\/sitio\/wp-json\/wp\/v2\/pages"}],"about":[{"href":"https:\/\/isfdyt145-bue.infd.edu.ar\/sitio\/wp-json\/wp\/v2\/types\/page"}],"author":[{"embeddable":true,"href":"https:\/\/isfdyt145-bue.infd.edu.ar\/sitio\/wp-json\/wp\/v2\/users\/6"}],"replies":[{"embeddable":true,"href":"https:\/\/isfdyt145-bue.infd.edu.ar\/sitio\/wp-json\/wp\/v2\/comments?post=730"}],"version-history":[{"count":20,"href":"https:\/\/isfdyt145-bue.infd.edu.ar\/sitio\/wp-json\/wp\/v2\/pages\/730\/revisions"}],"predecessor-version":[{"id":1193,"href":"https:\/\/isfdyt145-bue.infd.edu.ar\/sitio\/wp-json\/wp\/v2\/pages\/730\/revisions\/1193"}],"up":[{"embeddable":true,"href":"https:\/\/isfdyt145-bue.infd.edu.ar\/sitio\/wp-json\/wp\/v2\/pages\/692"}],"wp:attachment":[{"href":"https:\/\/isfdyt145-bue.infd.edu.ar\/sitio\/wp-json\/wp\/v2\/media?parent=730"}],"curies":[{"name":"wp","href":"https:\/\/api.w.org\/{rel}","templated":true}]}}