{"id":839,"date":"2020-11-19T23:27:16","date_gmt":"2020-11-20T02:27:16","guid":{"rendered":"https:\/\/isfdyt145-bue.infd.edu.ar\/sitio\/?page_id=839"},"modified":"2020-11-21T12:33:27","modified_gmt":"2020-11-21T15:33:27","slug":"profesorado-de-historia","status":"publish","type":"page","link":"https:\/\/isfdyt145-bue.infd.edu.ar\/sitio\/catalogo\/profesorado-de-historia\/","title":{"rendered":"Profesorado de Historia"},"content":{"rendered":"<p>PROFESORADO DE HISTORIA<\/p>\n<p>El Profesor en Historia puede planificar, conducir y evaluar los procesos de ense\u00f1anza- aprendizaje de la historia en el nivel secundario. Tambi\u00e9n puede desarrollar actividades acad\u00e9micas relacionadas con la divulgaci\u00f3n o ense\u00f1anza de los diversos contenidos de la disciplina.<\/p>\n<p>RESOLUCI\u00d3N<\/p>\n<p><a href=\"https:\/\/isfdyt145-bue.infd.edu.ar\/sitio\/wp-content\/uploads\/2020\/11\/13259-99modif-por-3581-00-historia.pdf\">13259-99modif-por-3581-00-historia<\/a><\/p>\n","protected":false},"excerpt":{"rendered":"<p>PROFESORADO DE HISTORIA El Profesor en Historia puede planificar, conducir y evaluar los procesos de ense\u00f1anza- aprendizaje de la historia en el nivel secundario. Tambi\u00e9n puede desarrollar actividades acad\u00e9micas relacionadas con la divulgaci\u00f3n o ense\u00f1anza de los diversos contenidos de la disciplina. RESOLUCI\u00d3N 13259-99modif-por-3581-00-historia<\/p>\n","protected":false},"author":11,"featured_media":0,"parent":644,"menu_order":0,"comment_status":"closed","ping_status":"closed","template":"","meta":[],"acf":[],"_links":{"self":[{"href":"https:\/\/isfdyt145-bue.infd.edu.ar\/sitio\/wp-json\/wp\/v2\/pages\/839"}],"collection":[{"href":"https:\/\/isfdyt145-bue.infd.edu.ar\/sitio\/wp-json\/wp\/v2\/pages"}],"about":[{"href":"https:\/\/isfdyt145-bue.infd.edu.ar\/sitio\/wp-json\/wp\/v2\/types\/page"}],"author":[{"embeddable":true,"href":"https:\/\/isfdyt145-bue.infd.edu.ar\/sitio\/wp-json\/wp\/v2\/users\/11"}],"replies":[{"embeddable":true,"href":"https:\/\/isfdyt145-bue.infd.edu.ar\/sitio\/wp-json\/wp\/v2\/comments?post=839"}],"version-history":[{"count":3,"href":"https:\/\/isfdyt145-bue.infd.edu.ar\/sitio\/wp-json\/wp\/v2\/pages\/839\/revisions"}],"predecessor-version":[{"id":928,"href":"https:\/\/isfdyt145-bue.infd.edu.ar\/sitio\/wp-json\/wp\/v2\/pages\/839\/revisions\/928"}],"up":[{"embeddable":true,"href":"https:\/\/isfdyt145-bue.infd.edu.ar\/sitio\/wp-json\/wp\/v2\/pages\/644"}],"wp:attachment":[{"href":"https:\/\/isfdyt145-bue.infd.edu.ar\/sitio\/wp-json\/wp\/v2\/media?parent=839"}],"curies":[{"name":"wp","href":"https:\/\/api.w.org\/{rel}","templated":true}]}}