{"id":843,"date":"2020-11-19T23:32:18","date_gmt":"2020-11-20T02:32:18","guid":{"rendered":"https:\/\/isfdyt145-bue.infd.edu.ar\/sitio\/?page_id=843"},"modified":"2020-11-24T12:47:58","modified_gmt":"2020-11-24T15:47:58","slug":"tecnicatura-superior-en-psicopedagogia","status":"publish","type":"page","link":"https:\/\/isfdyt145-bue.infd.edu.ar\/sitio\/catalogo\/tecnicatura-superior-en-psicopedagogia\/","title":{"rendered":"Tecnicatura Superior en Psicopedagog\u00eda"},"content":{"rendered":"<p align=\"justify\"><span style=\"color: #0000ff;\"><b>PLAN DE ESTUDIO<\/b><\/span><\/p>\n<p align=\"justify\">El Psicopedagogo estar\u00e1 capacitado para prevenir, diagnosticar y realizar intervenciones de asesoramiento, orientaci\u00f3n y tratamiento en toda situaci\u00f3n donde el aprendizaje y sus vicisitudes se pongan en juego, tanto en \u00e1mbitos de la salud, educativos, laborales y socio-comuntarios, y que faciliten en los sujetos de diversas edades la construcci\u00f3n de sus proyectos de vida en la comunidad; asumiendo una actitud reflexiva y \u00e9tica de su accionar y quehacer y del lugar social que ocupan sus producciones.<\/p>\n<p align=\"justify\">El psicopedagogo puede ejercer sus actividades en el sector p\u00fablico o privado en forma aut\u00f3noma o en equipo en instituciones de salud, educaci\u00f3n y socio comunitarias.<\/p>\n<p>Ocupar\u00e1 diversos roles, desde globales a espec\u00edficos, en equipos interdisciplinarios responsables de la elaboraci\u00f3n, direcci\u00f3n, ejecuci\u00f3n y evaluaci\u00f3n de planes, programas y proyectos en las \u00e1reas de educaci\u00f3n y salud.<\/p>\n<p align=\"justify\"><span style=\"color: #0000ff;\">Plan de estudio a\u00f1o\u00a0<strong>2011<\/strong>, aprobado por Resoluci\u00f3n N\u00b0 2460\/11<\/span><\/p>\n<p align=\"justify\"><a href=\"https:\/\/isfdyt145-bue.infd.edu.ar\/sitio\/wp-content\/uploads\/2020\/11\/Psicopedagogia-Plan-2011.doc\">Psicopedagog\u00eda (Plan 2011)<\/a><\/p>\n","protected":false},"excerpt":{"rendered":"<p>PLAN DE ESTUDIO El Psicopedagogo estar\u00e1 capacitado para prevenir, diagnosticar y realizar intervenciones de asesoramiento, orientaci\u00f3n y tratamiento en toda situaci\u00f3n donde el aprendizaje y sus vicisitudes se pongan en juego, tanto en \u00e1mbitos de la salud, educativos, laborales y socio-comuntarios, y que faciliten en los sujetos de diversas edades la construcci\u00f3n de sus proyectos &#8230; <a title=\"Tecnicatura Superior en Psicopedagog\u00eda\" class=\"read-more\" href=\"https:\/\/isfdyt145-bue.infd.edu.ar\/sitio\/catalogo\/tecnicatura-superior-en-psicopedagogia\/\" aria-label=\"More on Tecnicatura Superior en Psicopedagog\u00eda\">[+]<\/a><\/p>\n","protected":false},"author":11,"featured_media":0,"parent":644,"menu_order":0,"comment_status":"closed","ping_status":"closed","template":"","meta":[],"acf":[],"_links":{"self":[{"href":"https:\/\/isfdyt145-bue.infd.edu.ar\/sitio\/wp-json\/wp\/v2\/pages\/843"}],"collection":[{"href":"https:\/\/isfdyt145-bue.infd.edu.ar\/sitio\/wp-json\/wp\/v2\/pages"}],"about":[{"href":"https:\/\/isfdyt145-bue.infd.edu.ar\/sitio\/wp-json\/wp\/v2\/types\/page"}],"author":[{"embeddable":true,"href":"https:\/\/isfdyt145-bue.infd.edu.ar\/sitio\/wp-json\/wp\/v2\/users\/11"}],"replies":[{"embeddable":true,"href":"https:\/\/isfdyt145-bue.infd.edu.ar\/sitio\/wp-json\/wp\/v2\/comments?post=843"}],"version-history":[{"count":2,"href":"https:\/\/isfdyt145-bue.infd.edu.ar\/sitio\/wp-json\/wp\/v2\/pages\/843\/revisions"}],"predecessor-version":[{"id":940,"href":"https:\/\/isfdyt145-bue.infd.edu.ar\/sitio\/wp-json\/wp\/v2\/pages\/843\/revisions\/940"}],"up":[{"embeddable":true,"href":"https:\/\/isfdyt145-bue.infd.edu.ar\/sitio\/wp-json\/wp\/v2\/pages\/644"}],"wp:attachment":[{"href":"https:\/\/isfdyt145-bue.infd.edu.ar\/sitio\/wp-json\/wp\/v2\/media?parent=843"}],"curies":[{"name":"wp","href":"https:\/\/api.w.org\/{rel}","templated":true}]}}