{"id":847,"date":"2020-11-19T23:34:57","date_gmt":"2020-11-20T02:34:57","guid":{"rendered":"https:\/\/isfdyt145-bue.infd.edu.ar\/sitio\/?page_id=847"},"modified":"2020-11-24T12:40:37","modified_gmt":"2020-11-24T15:40:37","slug":"profesorado-de-matematica","status":"publish","type":"page","link":"https:\/\/isfdyt145-bue.infd.edu.ar\/sitio\/catalogo\/profesorado-de-matematica\/","title":{"rendered":"Profesorado de Matem\u00e1tica"},"content":{"rendered":"<p style=\"text-align: right;\"><span style=\"color: #3657af;\"><b>PLAN DE ESTUDIO<\/b><\/span><\/p>\n<p align=\"justify\">El Profesor de Matem\u00e1tica, es un profesional con una s\u00f3lida formaci\u00f3n docente en su campo disciplinar, did\u00e1ctico y del curr\u00edculum, que trabaja con las estructuras matem\u00e1ticas con el fin de lograr que sus estudiantes las incorporen a trav\u00e9s de procesos t\u00edpicos del pensamiento matem\u00e1tico, de la comprensi\u00f3n y an\u00e1lisis de los conceptos involucrados, de su uso en la resoluci\u00f3n de problemas y de la relaci\u00f3n de la matem\u00e1tica con el mundo real.<\/p>\n<p align=\"justify\">Reflexiona sobre distintos contenidos matem\u00e1ticos (An\u00e1lisis Matem\u00e1tico, \u00c1lgebra, Geometr\u00eda, F\u00edsica, Probabilidad y Estad\u00edstica, etc.) y sus orientaciones metodol\u00f3gicas para un mejor desarrollo del proceso de ense\u00f1anza-aprendizaje y, desde una perspectiva cr\u00edtica, modifica sus actitudes profesionales, para corregir problemas metodol\u00f3gicos respecto de la ense\u00f1anza de la matem\u00e1tica.<\/p>\n<p align=\"justify\">Investiga acerca de los aspectos relevantes de la pr\u00e1ctica profesional docente, efectuando actividades de b\u00fasqueda, sistematizaci\u00f3n y an\u00e1lisis de informaci\u00f3n de fuentes primarias, resultados de innovaciones e investigaciones, as\u00ed como bibliograf\u00eda actualizada sobre temas vinculados con las necesidades de su pr\u00e1ctica.<\/p>\n<table id=\"table1\" border=\"0\" width=\"828\" cellspacing=\"0\" cellpadding=\"3\">\n<tbody>\n<tr>\n<td><strong>PLAN DE ESTUDIOS 2018:<\/strong><\/td>\n<\/tr>\n<\/tbody>\n<\/table>\n<p><a href=\"https:\/\/isfdyt145-bue.infd.edu.ar\/sitio\/wp-content\/uploads\/2020\/11\/Profesorado-de-Educacion-Secundaria-en-Matematica.pdf\">Profesorado de Educaci\u00f3n Secundaria en Matem\u00e1tica<\/a><\/p>\n","protected":false},"excerpt":{"rendered":"<p>PLAN DE ESTUDIO El Profesor de Matem\u00e1tica, es un profesional con una s\u00f3lida formaci\u00f3n docente en su campo disciplinar, did\u00e1ctico y del curr\u00edculum, que trabaja con las estructuras matem\u00e1ticas con el fin de lograr que sus estudiantes las incorporen a trav\u00e9s de procesos t\u00edpicos del pensamiento matem\u00e1tico, de la comprensi\u00f3n y an\u00e1lisis de los conceptos &#8230; <a title=\"Profesorado de Matem\u00e1tica\" class=\"read-more\" href=\"https:\/\/isfdyt145-bue.infd.edu.ar\/sitio\/catalogo\/profesorado-de-matematica\/\" aria-label=\"More on Profesorado de Matem\u00e1tica\">[+]<\/a><\/p>\n","protected":false},"author":11,"featured_media":0,"parent":644,"menu_order":0,"comment_status":"closed","ping_status":"closed","template":"","meta":[],"acf":[],"_links":{"self":[{"href":"https:\/\/isfdyt145-bue.infd.edu.ar\/sitio\/wp-json\/wp\/v2\/pages\/847"}],"collection":[{"href":"https:\/\/isfdyt145-bue.infd.edu.ar\/sitio\/wp-json\/wp\/v2\/pages"}],"about":[{"href":"https:\/\/isfdyt145-bue.infd.edu.ar\/sitio\/wp-json\/wp\/v2\/types\/page"}],"author":[{"embeddable":true,"href":"https:\/\/isfdyt145-bue.infd.edu.ar\/sitio\/wp-json\/wp\/v2\/users\/11"}],"replies":[{"embeddable":true,"href":"https:\/\/isfdyt145-bue.infd.edu.ar\/sitio\/wp-json\/wp\/v2\/comments?post=847"}],"version-history":[{"count":3,"href":"https:\/\/isfdyt145-bue.infd.edu.ar\/sitio\/wp-json\/wp\/v2\/pages\/847\/revisions"}],"predecessor-version":[{"id":934,"href":"https:\/\/isfdyt145-bue.infd.edu.ar\/sitio\/wp-json\/wp\/v2\/pages\/847\/revisions\/934"}],"up":[{"embeddable":true,"href":"https:\/\/isfdyt145-bue.infd.edu.ar\/sitio\/wp-json\/wp\/v2\/pages\/644"}],"wp:attachment":[{"href":"https:\/\/isfdyt145-bue.infd.edu.ar\/sitio\/wp-json\/wp\/v2\/media?parent=847"}],"curies":[{"name":"wp","href":"https:\/\/api.w.org\/{rel}","templated":true}]}}