{"id":884,"date":"2020-11-20T00:24:30","date_gmt":"2020-11-20T03:24:30","guid":{"rendered":"https:\/\/isfdyt145-bue.infd.edu.ar\/sitio\/?page_id=884"},"modified":"2023-06-29T15:10:20","modified_gmt":"2023-06-29T18:10:20","slug":"trayecto-de-formacion-pedagogica-complementaria-3","status":"publish","type":"page","link":"https:\/\/isfdyt145-bue.infd.edu.ar\/sitio\/trayecto-de-formacion-pedagogica-complementaria-2\/trayecto-de-formacion-pedagogica-complementaria-3\/","title":{"rendered":"Trayecto de Formaci\u00f3n Pedag\u00f3gica Complementaria"},"content":{"rendered":"\n<figure class=\"wp-block-image size-large is-resized\"><img decoding=\"async\" loading=\"lazy\" src=\"data:image\/jpeg;base64,\/9j\/4AAQSkZJRgABAQAAAQABAAD\/2wCEAAoHCBQUFBcUFBQYGBcZGRkXFxcZGRgXFxgYFxcYGBgaGBgaICwjGh0pHhoYJDYkKi0vMzMzGSI4PjgwPSwyMy8BCwsLDw4PHhISHjIpICo0MjQyMjIyMjIyNDIyMjIyMjIyMjIyMjIyMjoyMjIyLzI0MjIyMjIyMjIyMjIyMjIyMv\/AABEIAIoBbgMBIgACEQEDEQH\/xAAcAAABBQEBAQAAAAAAAAAAAAAFAQIDBAYABwj\/xABBEAACAQIEAwUFBQYGAQUBAAABAgMAEQQFEiEiMUEGE1FhcSMygZGxFDNScqEHQpKywdEVNENTYoLxJGNz4fAX\/8QAGQEAAwEBAQAAAAAAAAAAAAAAAAECAwQF\/8QALREAAgIBAwMCBgEFAQAAAAAAAAECEQMSITEEQVETYSIjMoGRoRRCUnHR8AX\/2gAMAwEAAhEDEQA\/ANpqq7l86qyFjYXIueVyDQovVnDG6\/GossPHMIrn2i8z1pVx0f8AuL86Asg8BRzCYCJo1JjUm3gK0UjJxaJftafjHzFKs6fiHzpjZRCf9NflTf8ABofwW+Jp2KmTjEC4GoXPIXpuMJIqJcniBuAbjkbmpGy5DzLH40mxpMfhpOEDwoNiG9pq\/wCYP6iiy5ag5XHxNRvk8R3IPzP96VhRdE4p3eDxqk2CUcmb50mq1UkmJtrkTOHBiPqPrXZEfZD1P1qpmTXSpOzp4HH\/AC+tNqkSncgzXVUWY+Ncz360tJetE7ygVXmJZSLkeY50l6QmqSSJbszuJwSLc738bmr+WxMUFpGA8L1FjBzqzlR9nTRmyZ4nsfaN+n9qBYmMDqa0rcjWfxi7UMY6ZDtduldhVN6lxA2HpTcKN6i9zRLYZiBvT8AfaJ603EjelwR9onqKXcb4CD7YgnzX6UaBoLN9+3\/X6UWDjxptExZLeuqPWPGk7xfGlRdklBsD9+\/qw+FEnxCjrQXLpwJWa+xY\/rTS2Ik1aNFXVD9oXxrvtC+NKi7RVzz\/AC8n5TVfsz9yPh9KXPMWncyLfcrYVX7N4gCJQfAH9Kqvg+5i2vU+wXiHG1WKpLOAxPjUhxXlU0apotV1VDiTTTiTRQakMzo+xf8A6\/zCo8lPAaqZxiCUt0uK7LJCBtVVsTe9h24pNYql3jUmtqVD1F+4rC5ob4h\/VvqK1Ll\/OsnLvM1\/A\/UU4rcG7QpNW8Edj61SareXnn8KwNyywrQ5f92npQBhR\/Lfu19KtEss0tdXUyTq6urqAOpGpaQ8qAKjPVAu3hU5euuKICn2KOLYldxUnZ1jeQdNj8aXGe4a7s6d3HpVszXJIJG8KXvG8KnPM+p+tNtTJIg7VxdqltSWoAo4pdqBJ2jgik7ppLMTbyufOtDjl4DavO5sgRnu7cTE\/Mms8mTQdGDB6raPRwSRcHah+LG1W8vjZIkVjchQL\/CqeMOxrQwJJvdX0pMKN6R24F9K7CtU9y19J2K503Bn2ifmFLi23pmFPtE\/MPrSXI3wX8afbN6L9KsoKq40e3PotXEG1WjMVFvUndedIgqUChjSK0sItzoPl49oR\/yNHnG1A8uX2jfmNNPYlrcNCIUvdCpwKW1TZekCZ7EBEx8qj7MpeJb\/AIRVvPk9i\/pUPZhPZL6Crv4DGvm\/YLCIeFO7seFPtTglRZvRGFFdYU4r4UhQ0BQLzsez+IpuUjaps5iPd\/EfWnZTGdJosVFrTS2qUxmuMdFjohYVj7e2f\/t\/MK2pirHFLTuPzfzCmmDWxVc1Zy1t2+FUJJKtZQ3E3pXPRumFnFHMt+7X4\/WgzrRnLfux8frVollgXrt6fXUyRovXb06loAZvSnlTqQ0AByaUU1hv8asi1ENiZ7lLEjhNJkHvv6f1FWZ14TUWSizt6f1q2yEtyZgdR9T9aUipgRqa\/iabI4FGoNJHY0hBqZGBFV8diQik3pp2yXSVso4zFL7o3NZeYv8AaFOklBve3Kp8Nj1aRlvyPPp86Ihd71pKC4kjjh1UpbwlXYKQ4pW25GqWOGxqviZQi6r1LO+pAfEVLj3NoZNT09x7H2a+lJhGpyIWjWwvtXYeIqQCLVm\/qOqP0keN503CnjX1H1p+NG9Mwvvr6j61Pcb4C+MX2x\/Kv9atxrUGMX2v\/UfU1aQVZHcVFqW1NAp29DKQySg+BHtG\/MaMslCsEtpG\/NTRMuQwK4LXaq7VSLKGcpeNh5VH2eW0S+gqfMUuhFLlEZWMAixtT\/pMq+ZfsXqW9dautUGwtdXWrqAKeafd\/EfWuy0cJpceLpbzFOwQsKfYXct11JeuvUlHGsiF9u\/\/AG\/mFa29ZdReZz6\/zVUSZcGac1eyc8Z9KovVnKW9r8DWdGiZpStFcu+7HqfrQ7TRPAe58TTQMtV1dXUyTq6urqAOrqS9JqHjQAMZdz6064HWnsu5qs2FYkmiIpCzSi3OmZWOMnyrjgD41NlsWlz6VVk0TtHuT5mop4QwsatsvOmFKArwB2w8kQvHxj8J5\/ChGaJJOVQowJ25EAeZPKtdprtNXCWjgxz4nmtN7M8uxGWtBKYwSdwb\/rWow26i\/Okz+SGOT2kiqzbgHmQNqZhsXHYHUtvUV0znrimeXi6f0sjVlHtGCIxa\/vC9vCoMNmaJGFZix6AC5rS4GSOR9KupIFyLgm1Ty4NByUD4VHqJR0tGy6Wbn6kXXYoYHGOI7iNgLcIPOpsO7OQWFj4eFXXjsi+lQ4dOIVxtfFZ7CleNKiHHJvUUC8S+o+tX8WlQRx7j1FPuT2CmKX2g\/KPqasqtNkjvIPy\/1NWAlVZKQxVp4WnBadSsqiMrQT7M5kbSetHqH4ybu1Zxb40nPSm2GjU0kRrh5fEU4QSeNDMHmkusamDKTawAHPqDWlFRjzRmrRc8MoOmCMQjKpZ2AA3JJsBbxqxleMSVNaOrDrpINCO2uH72IRdCbkenKsd2LSSLHCJL6QGMluWnTzPxI+NP1U3pH6DUdfY2We9q0w0ndBC72BO4UC+43PlRDIs2XEx6wulgbMt728DegPbTKI3vK4tsAHHMW5Csvg8ylwUAaPZ5ibahfSqEgGx6moUpavY09OOhNPc1PaLtRLFMYIkAK2u7gkNcA2UC3jzo\/kuOM0YZwA42YDl5EeRryJu0GIZyXk1E9SB+m1XoM+eIB9ZG9rgnfqNvnUOcoyvsaLHGUKXPk9Yx99BtzrzvFY3GwOXfFoLtwxlRbT9b1rsgzdcbhy4NiDpb1FiDWC\/aHgWidJS4JayW+BNxVylLZrgnFGNNSW5uslzoYhQFca7br\/ap8bmSxHS8gDWvp5tb0rx7JMzkiljkUnhYH1F9wfhevQ+0EitaexuvELc9JHI+ItU5MzhH3Kx9Mpz9g\/h53kW6E+nI1DHAwc6udv60N7LYzU4tcAgqb\/Na0uJju1\/KqwZfUjZl1GL050uDAOKmy37wfGmOtSYEWkWtlwYmvRdh6U9SRyJFLEOEelYztN+0GLDO0cUfeupsx1aUBHMAgEsRUlGqzLMkw8Zklk0qPM3J8AOprH\/\/ANPw+oju5dP4rr9L1g897WyY1l79FCrfSELC1+u53NCMXgNIEiNqjYgX6qfAj+tTbLUUfQOUZrHio+8ifUOo5EHwIohavIv2d5l3WIRAbrLZCvn0PrXsWmhNsU40RgUoWpAtLaqIIXYKCzGwAuSegFY6f9pGGVyqxyMoNi\/CB6gE3o72ukC4SW5tqAX5kX\/S9eFzHjNjw9fOmlsFXyfQGUZtFio+8ia46g7Eeoq5EvFWA\/ZqUGoKfeW9vGxH963+geFNMlxpkrEU0uKjKUndjwoFQG7Q9rcJgrCZzrIuqKNTEePgB61U7PdusJjGMcepJOiOACfykEg14z22xLSY2cuTcSMg8lU2AHwqn2cxDLiImS+oOtrbEm\/L40r2stQNN+1KZ5McwYWVUVU9NyT8yflWOWRl21Gx6XNemftA7OYuSU4iOIsmhb2ILAgG\/DzrDJkszqGWN2JbSFAN\/iKvUgjEK\/s7kYY2PSdI31H\/AI25H9K9okmTrIK8o7JYKTDSO8kbKdNgCPnWlbPUHSuXN1MoSpKzXH00Z7tmnxmYqoVV4v6VSbMXB2AqhlubJI+kq3wBq20LHcRtbptXh9f1HVJqUG6fZHfhw4kqZdwmNaRrMBV0JQ\/AYWRW1FbCxrzHtL27xRkZIn7uNWIGm2o2PMmvR\/8AOy5pY\/mp3ffwYZ8MXL4Ko9rTF73K9LbGphjR+E\/pXk3Ynt27uIsU2oHZZLb38DbpXqKpXoqVnJPG4f4LP21fBv0\/vThil8D+n96rhKUrsaZB592o\/ac0UkkWHjUlW0a3vsR7x0jnvcDeo8j7aNi4Ss2kMt2LjYEDncdDWL7QZSPtUjO9o9Rcta7Ek+6B486r4bM8PGjRrG+lubahqP6bVnNOUdjpxqMJbhuTtq8Uh7pQRquNe\/L6Vteznbv7Z7JkEcjcmDXU+VjuDXk+Ny0MglifvAea\/vr8Oopez+IMbhhzBB+N9qjQoxdGr+ZJWfQWJy\/WqDXuosT47UmWZZHEzOBxsApbrYG9vnVHJs372NJCQCRuL8iOdGRJw6iR41pGMX8SMJuaWhvY807RdozLOwLlY0YqqdDpJBYjq17+lPzWBZ4onBA0gqB5A70AnwEbu80klru7BR4Fj1rsR2jQIscamy34m57+layalH4RQjp+oGYyJgSAtxci\/oatNgZJMM2lCSHTa29uLlVdpHl212HRRtRns3PJFKEZuFtuLlfpWE4OtuTaDjq9jZ9gME2HwwSQaWdi7A8\/AD5Cs9+1J3lkiijVmKgu2kFrX2HL41qIMxcq+tQGXw5HoLetW4Ygo3tqO7HqTXPPM1tRr6GmTs8fhw5BW53B3uLEHwIrXZrmjRpGQq6WjCMee4\/e9asdrIkLoVA1EG9utiOdBO1EgEEZ87GlGam0mXVRbT4NT2ezKOQqF4XWx8iBatzIl99vnXhPZnHlZ0A1Wv4Hkelel4\/P543WKKDvDo1k6rbXtWkEsc3FcPc58yeVKQPdKXDpZwfOpylSxR7iutHE0X+0mIkjwUrxmzhAAfDUwUkedia+fMTc38edfRWdwa8FKu+8T2tzuFuP1FfP2IHPbc1JpEHINt60OCP\/AKeUHfg1D1BuP\/3nWfbb4f0rR5C6m8b\/AHbqVkPXQQdr\/AfKlLg0gm3SNZ+yvJTJJ9qK2jiuFv1kIsdPkAfma9btQXstjMG8CJhJEKKoGlSAwtzLLzBv1PjRyhIyk7Ylq6loVnHaDD4X72SzEXCgFmPwHL40xE+c5euIheNuR3uOYI3FeJ5n2UZHOlzb0NegY79o+H0Hu0kLeDAKPnesvJ28kPOGO3lepd9mawVcqzT\/ALN8pESl7kkLp3294gnb4Ct3avLcs7fMv+ko8dzWyyXtVFiGCWKsfE3F6IutmGSLbtLYP2pGNulOoXnGcLALWux+Q9asxPM\/2odnGkn76GO119obgam8beNqGdkOxUjSxyPIECkPYC7bbgA9K2uJzDvmu5Hp0q7hLJuppPijSIeh0i41k+Oo3\/8AFNeGOMGQ8I5ljyqOB1kVthe3Oqva4D7BMpP+kR8bbVmsbk+Qlk09iRMww85aON0drb6SCQDtfapMPlcaqAEU26kAk15x+yEWln\/Io\/Vq9YU7cqUunTdN2NZWuEQxwKDyAHkKY8ZN7NYX29Kla9\/hQftNi+7gYg8R2HxqZ4oJVQ4zbfIAzztnhYi8et3YXU6BsDax4ibG1eZYrKhNqfDtrtcmMi0gHkP3vhVfGxXNz13+dWcllMUiODaxG\/h5\/A0oYlBWv9m2tvZi9iMpbEYyOMAgKdch8FU7j1J2r6GUiszkeHwkKmYaYnlN3J\/F1A8Bfp51pVQ2uGBFbx3Wo58s7enwODiq+OzGKEXkdVvyubX9KF5jm0iSBY0VkA4nJtY1g+0eNeWQCRS9zqCi+iw2G46eVDkuxMYt88APtzMzSh7WR9TKPj187W+dY5lIr03OcmfERBtAQhLqhIU3AG3Faw8zWInyDEj\/AEwfSSI\/RudODVUazVO0VMundZF0X3IvY86uNYSsALb8vAnmPneq+GjaJmZ1KMBZQwsbnwBqFHOq\/W+\/xpT3Lx2tzb4DFs8ZjVypcXU+Dr\/eqvfYmNVWSSXfmCWsFHO16p4OaxG29rr5MKI9pc4lnijLNwICLWAsfHasMLUZaXwzo6iOqKkuUCs1zHvGNtl6ChveVVlxPWoUmc8xYV21SpHDe4Zw8ljtRpMwKrxLt0YblT0JFZjDy2NHsG9xaoaLizd5Lm8crIHI5Aq3Q23Cn40md58iXXUdfgOg86xmHUxtw+7e\/mp\/tUWKLNIxa5Zjfz5C36Vy5unUpKXbuvJ0RzNL3COa580qgd2qtcDUBdjvyvTc2zURoIyAxUX35Dbr40Gw7s8oVQToBYbbA3tc\/rQ7O8VqcqOXL4ClHEtey2J9TTF1yx03aGYG6EJ+UAH50ayT9oU8N9apIbWDMDqte9iQd6x7+NRKL106InO5y8nvWAgkmcojAEDVubC1wOg86ZK7o7IW3UkG3iDaiXZX71v\/AIz\/ADLUbxI+JdXUsGcrsxW1257c6o4uy3BWa9p2w6AayzH9y4G3idq8\/liWVndY1HNiqjkCelbaHK8PinkYxXtiRh7GdgQoQszpce0ba4Sx5Go+ymQqY5ZFWRmdpI8OxDBQkY1BnFttZ0jfwNqqkQnLszBpl6MbCNbn\/iKMRYSNI2XgBJA8drG\/KtjisBhwIWt\/mJIo0UEgoNYWe55nc2H5qGYnLMOJJmMYMeHR3KRzmQyN3ndoHa14rblgNxSZac\/Jm8Nh+7YSQkBhyKXVx6dfhR7AdrMWLIZSbm125im5ScJIs7\/ZWHdx94B379GRdFwvK5JvuaLQZTh2lgQxMXlRZGkEh4C6F0slrOosASdze9F+SNL5TOnzrEqLtOfIC1ZXMJjI5eTiY8ydzWjZIxFPNJGZBEItKhzGONyp3APlTlyTDqJZCAy6MPJGJZe5CrOHJV3A3YW22oVFLUu5jTEn4R8hXCJPwr8hRzs9g4pjO0kYYRxh0VpO6W5cLxSHlseZq1HgsMgg7yFnOIkkA0ynTEiy92oRgPanrc7HbxopBqn5M6kaj90fIVfw03dca7HpbxrR4fs7AEIcFtL4pXkD2dVgayskQB7zpcAbXphyCOWLDd3cOViafe4Ecuv2gvyA7t\/mKVILyef2BJe0mLbfv5Pg1h8hXDOJZD7Ry\/medGosiw7Ylischw6xRSFFLM95tIUbb7XZj+U1VbK4sKkkk0bSlMQcOiBzGLBO81kgE3KkWHnT\/wAEVPuyqsx8fpU4zFx\/qfqKtHKoCiTkOUWCWZow+7lZSiKWtwix3IHSnx4TD4hkxUokWOSGd5E1k6Dh2RLobDh0tstrDTanyFTXcgw+dMhv3lvQ12Nzp5oXUuxB4SptvVDP8o+yxxA++xmDNe6sqOvdso6AoQfjWjfIMKswjKmO8qIg70O0yMgZ2Ke8ljtejZE1NurAPZq8Wto+DVYHSAL2\/wDNW8d2kxAJRZG25nai+HwUMayHu10omrSkrOCS+m5e1wbdKo4fJInlEhWRoWhScoLs4MraQt1FyAdTXtyWhsSU\/IGbOcQ3OZ\/nb6UjTuV4mLdd9\/rRaLJ44dZlXWwnMCK0ndILJ3mt36XUiw251YaBMKGmeNtYkMaR97tHaMOx7wLu3FsenPnU0ilrXcyUmGjPNFPwFNTCxjki\/IVrsVk8MTO7AyAypFGryCILriExMknkDYcuVJBkCOQjK0bHFd2Rr16Y+474qGtZjtsbdRTpB8y+f2Cnnd49JOy7gbUQwObTiMKJGAGwHQCuyxYZ5QscLqio7yKHMjMii4ttcMTYbfiFqkxGX6MSMOt1VmXSTzCSEW59Rcj4U06VES1vewa88jAgtcHnemCZkOoNxWsDtsPKjSYeB5XQRuqxCR29pdpFj2tYjgJNuXS9LDl8EvdylGVSZVkjDk3McZcFW5+RqIpD+Y+\/7M9iMU7+8xbxvvzt\/YfKq1vIfKtOcjjRcSXubLI2H3tdY49es\/iFnjHrepMRk2HUopUoWkwyr7QMZRKV73g5ppBO9XsKsnn9mYmVZFCSKGA3AIBsfLwqmctiU\/dp\/CK0+XYCInFF1UiJ1VA8hjWzSMnE\/oB8ambJ0lw6NGp75mZguospjEvdED8upDf1o2BPI+JP8mZXDptwLty2FSPGrKVKqVPMWFq1ZyjDCQ6RqRYHfjkKKzxzd3qL\/uqbE\/Gq2HyqKSJygtJ3jiMK5dGWNUZkU\/vEhmIPW1TUfBV5eNT\/ACZH\/DIf9qP+EU8ZfF\/tp\/CK1k+Ewyfarwlu4ZQPaOuoPJpANhtYH42rsZkSrHEdDhw8aTE30nvQCChO3CTpNutXZm1k8\/syowEX+2n8IqZIEHJFHwFa+XI4O+iTQVDTSJZZC4aONTxFv3G1WBW96o4PJg+FMmhjIVeRGAOkLGUBU9NTcRHpRaBrInz+wFoHgPkKc27ayAW23sL7bDpSCuooy9Sf9z\/JJ3zbjbfnsu\/rtVJ8viY3MaE+OkVZrqFFLhA8s33f5APaDLIhCzqgVlsRp2G7AG45Gsug3t5VtO0X+Xk\/6\/zrWJL29alnodJJyxty8n0T2YI71rH9w\/zLQLNs2KYiTuwSySNuF1WYHlvtRPsimmdh\/wC0SfH3kt\/X9KHNAj4vElwWCid9GooCUNx7pv8AGqile5nNvSq8gfBTvGpEaNvIJrto2lAI1Am9uZ2qd81xOtXJ06eIWYAAly54VFjuTzosmWwtaXSFUwSvoeRwivG6rcuOIJv523qngMLHJiDGyjRxmwdynChI4\/etcXvVOtzNKVpWAsXmchaM6h7Jmkj4V4WZw5PLfcDY7VAc8nEneAorEMraY41Dq5BYSKFs9z43ow8eHC4iVoUcRtCiqksujjDFiH5k7DmNrVXzzJ4oYZmTVdZItJY8SpJCXKMORINt7dKxRs0wR\/icpZzdR3iCNgqIq6AVIVVUAL7o5UXyzO5lUJrFlXQraV1qh\/dV7agNz1qxmWWYbDd\/KYjIqyxRJGZHVVL4dJWdmHEdyQBfrUuT5KkkDyCN9UhlaAjUyIsViFZgLEtdlBP4NqGCTsmiJjR9BUhwpYOqup0m68LAjY0ElzqYNIdauZCpcSJHIGKXCWVwQLX2Ao5jZI44I49BeSSJJNWoi3eXICgbEDw6+VV8ZHDgmkmWMuRiGgjXvHTQixgkhxxazqIBvtzqlwSr8mYXFOiyKCB3otIABbTqDgAW4dwOVS4PPJ4lCIy6VJaPUiOY2bmUZlJUnyrSYvs5AftMalu970R4Ysx944dZxGw5XI1Lc73tVCPJ4f8AExhih7q+6lmB\/wAv3m7X1DipktST\/QKw+cToYysm8TSMhIBN5fvNVxxX871OubzhSFew7nuGsF+6BNhy\/wCR3570VyvLMLMZgwjSwhSN4pZJY1kl7wBiz7sCwQEHlQ\/N8vaKWGFEKyPHDrQkm8kgs4Plq6UBTSuypNnU7JoLkLwDhAUkRpoQalFyADyqRe0OJBYl1bUE1BkRlJRQEYqykagABq57CtTj8gjafCqUkEIZ4GR9aXMeoh05WD+9cc7GqeF7Owa5HdWMUi3wvEQeKB5ySRudGnTv1O9Foemd8gaDPJwVIcXCuguqlSkjF3VltZgSeRFQy5xMxJLAAxNCFVEVFjf3lVALLfxG9HcRk8IwneIg71cNDPwysZCXt3heJuER26jenYrB4SOTGL9mDfZwGT2sq3DFRpNm5DUd6EJxl5M5i8fJKiI76ljUolwLqpttcbnkOfhU+GzCR8UJy47wsDrsoF1UAbWtyAo5hspwxmTCGI6niEhm1vdXeMyDSnulBa2+\/PeqOOw0RwqSwKjaRGJXEjd5G7XBV4zsEJ2Vh4U7JcXzf\/ImxHaGUEhNFyul\/ZppIvexXTY79arSZtK4YPIeIqWK2U8AIUDSBZQCeEbb1YwmWQusM5U90IpWnXU27w7Wve66y8dgPE0YyrJodAbQpYwYWTjdlXXLs51X2v0HjS2GoyfcDxZ6wY6n1BgisrojqxQaVJUj3gLcXPapZM2mDOdStrfWyuiOuoAAMFYWBt1FFJMJhh9ovDr7kjSS8ik3cLYgEWt\/SoWyyMywrY6Xw\/eONTbt3bsDe9xxKNuVITU13AqZvMrOS4bvDdw6q6sw5EqwIBHlSNnE7EsZN+8E1wFB7wLoB2H4drcqJYjJQMGJNDCUIkzPZtLJIzjQP3dSroY9dzT1yuEYyeIqO7jiaRQzuqgiNG4nB1Bbk3oCpbA9s6nYkalXULNojRCeIMd1ANyVF\/SpcRjnbQSxJQAI37wAJYb8zYmrWEwsEgkVEieYMdEYme2gIDeJj942oEkN0FBGkuBak0J33YUOeTF1fUoYEkkIgLXFiWsvFceNNxOayllYMBpV1VVVVVQ4IeygWuQedUEW1cRe9ESXKXklbM5iFUtcLE0IFhtGwsV5eAG\/PaonxrtIspbjUoVNhtosF2tY20ioWFqbarM3JhIZ1NdjwcYAcd1HpbSxYFl02JuSb01M4mRkKPpKB9NlUACU6nAFrWvbbpYWqigppNzQGuXkvYfNJVsFZbCMxgMiMO7LayCGBB4vGuXM5AVIYLpcyLpVVAchQSABa1lG3Ln41QJpVooNcvJfOZOTISbmQqz3C2Yq+tdrbcQ5UozabU7ayS5Ba9iLhg4IB2FiByqgaUUE6n5CMecTK1w+\/eGb3VPGwKsw22uCduVJDmkysjK5HdqI0FhpCgFbFeR2J5+NURTqA1S8nV1LakoIOrq6uoAG9ov8tJ\/1\/nWsEqHrXo+YwmSN0G5I\/wDusI8fERzt\/Somz0+jV42elRZtIsrSxsVJ9mtrbrcHr42v8BTstzObW0iG8jXUmwY8R4tQII3NzyqoYVueEfIUQyNBo5DcR325+9XVGKOeSfkZjM5xCM795x2WIkhGUIbEpoZSoB8LU5sdKkjSjhfx0pbddJ4LaeXlVjNsOndycC\/eJ0H4VqTFRLxcI6dB5VGRJJ0Xii5SVsDDP50dysiDVp1Du4rHRfSdOiwIudxaq+HzyZGkYS3aQ3k1hJAxG6kq4IuOnhSSYdNTcC\/IVB9nS54F+Q8K5UzseL3JcPn8ys7ia5kN31CNw5HIlXBFx022qdM6mLpL3vHHcK3CLEkudgLG5Zr3G96GLhk34F\/hHhVqDDppbgXmOg86bYli9wq2az91pD3Qf8UJCk3YBtN1XyBtVA9oJ45HImF3fvHVliYFwNnCspCta24A5UTwsK6PdHMdBWazPDp3h4F+Q8KhTZUunruPbO3O5m3MgnvddXegWD6ud7dOXlT1zyQz\/aBKDMTfXaMkkro922n3drWodLg4r\/dp\/Cv9qu5NhI9ZPdpcI1uEbcvKtm9jBYvcs4jN5CHEkiAPoDgLGgPdklLhFABBY8vjyq9icTijJHiWZ2kAXQ+hSRYHTddNr2vzH60T7JYCLTI3dJe8e+hb9etqN42JdXujlJ0HnVpFRwWuTMYHN8SrCONWFnDnUtyraSNXENjpJ9a7G5tLHoUNYRq4W4FkWS6tzHXcXPwo7iUHdx7D3G6eRoPioEOJmBVSDAlxYb+9z8aTgi\/Q25BkfaF2QQNKpjKrHpAjDFBsq6wNRA8yatYtMWTK4LSd8AJCIxdwCGGwWw3A93wqHKMBCCSIowbruEUHn6Vu4EHBsOnTyFLgpdImvqZhv8XxSQaWdljt3QYooITloEhXUB5XqliM9d07ppk0cOwEaltAsmtlAL26XJr0fGRK8dmUMDGbggG\/COd+dePHBRf7Sfwr\/ahGcumr+pheHOGWJ4FmURuwZ0uliwtY35j3RyPSj2AxWIaLcsYykaLZRYpH7gBA5Dx5nresXDg4rj2ac\/wr\/avXpYlAQBQAEFgAABt4VMpbBDpLf1MzsuMmYyFtR7zSJOADVpII5DbkOVK2PnEZj1ME0Mvui4Q81121BfK9GRGvgPkKoZvGvdtsOnQeIrNTbaLy9IlFu3wwC+aSFncycUiGNzZbMhUKV02sBYAbDpUjdoMQW1mVbgFb6IblSACG4NxYDneqbQL+FfkKhkw6W9xfkK3PFhklxYQizuYXIlUarklViUjUoU6Sq3W4A921MjTYG23SoMvw6ak4F5DoK02Hw6BRZFHoAK5+oy6IWvJ1dPieWXxPyAWHkaeo62qfEizm22\/TaozEp5qD6gGrwfErZ0S6dJ0QtETyFIcLIP3D8jUUsCfhX5ClX3a1lsOPSRfcZiXEYBchdV7ajpvbna\/PmPnUK4mO19a25X1C31pvaKFWTD6lU+\/zAPh41HlmDjvAO7S3eNtpX+1Zub2J\/ixtl4xELrIIX8RG3zpFG1wQR4jcfOtdjoE9oNK20crC3yoLLl8OrEeyj2WO3Au3AvLbajVY30kUBftUf+4n8S\/3qR5VU6WZQeoJAO4uNj5UmaYCHvoPZR7hb8C78XXaoc4wkbYqTVGhuwvdQb8I8qTyb\/Yj+LHyXE3GocuV+l\/WpUjZtlUk+ABP0rXPhoxgCAigWXYKB1FOjgRYBpVRdd7AC+3XxqYZbNn0EV3ZjGceI+dM71fxD5ioJ4E1e6vI9B41z4dLe4vyFW8jM\/4UfJN36fjX5il75Pxr8xQ84ZLe4v8ACK6XDpf3F6dBR6jD+FHyGcDF3pZUYHhYGxG2oEdPWqGH7BXYlsQdwbhUvvfxvy50R7ORKMQ1lA26ACttjBaNbbb9NvxVjOTZ2YMaxxpH\/9k=\" alt=\"\" width=\"973\" height=\"367\"\/><\/figure>\n\n\n<p class=\"has-text-align-left\"><strong>DURACI\u00d3N: 1 (Un) A\u00f1o de formaci\u00f3n Acad\u00e9mica<\/strong>\u00a0(<strong>2 Cuatrimestres<\/strong>) \u2013\u00a0<strong>Carga horaria total de la carrera: 480Hs.<\/strong><\/p>\n<p><strong>INICIO: 2023 \u2013 FINALIZA: 2024<\/strong>\u00a0<\/p>\n<p class=\"has-vivid-red-color has-text-color\"><strong>REQUISITOS DE INGRESO:<\/strong><\/p>\n<ul>\n<li>Quienes posean T\u00edtulo de T\u00e9cnico de Nivel Superior Universitario &#8211; Terciario o T\u00e9cnicos de Nivel Secundario y\/o Profesionales.<\/li>\n<li>Estar desempe\u00f1\u00e1ndose en el Nivel Secundario del Sistema Educativo Provincial actualmente.\u00a0<strong>(Obligatorio)<\/strong><\/li>\n<li>Estar desempe\u00f1\u00e1ndose en la Regi\u00f3n Educativa 16 <strong>(Prioridad)<\/strong><\/li>\n<\/ul>\n<p><b>Cursada en Sede: General Villegas \u2013 Modalidad de Cursada: Semipresencial (Cursada Virtual \u2013 Ex\u00e1menes Finales Presenciales)<\/b><\/p>\n<p><strong>Modalidad de Inscripci\u00f3n: Sede del Instituto, cito en calle Rivadavia N\u00b0 582<\/strong><\/p>\n<p><strong>Resoluciones:<\/strong><\/p>\n<div class=\"wpb_text_column wpb_content_element \">\n<div class=\"wpb_wrapper\">\n<ol>\n<li><span style=\"color: #0000ff;\">\u00a0 \u00a0<a href=\"https:\/\/drive.google.com\/file\/d\/15VNDuXvtggdZk0Qmyu1mq33iioVx8RSB\/view?usp=sharing\">Comunicaci\u00f3n 65<\/a><\/span><\/li>\n<li><a style=\"font-size: revert;\" href=\"https:\/\/drive.google.com\/file\/d\/1aedvSmJFeHZ8yq0HQ4DIjwMAW4wgzzEu\/view?usp=sharing\">IF-2023-21275426-GDEBA-SDIFDIDGCYE<\/a><\/li>\n<li><a href=\"https:\/\/drive.google.com\/file\/d\/1YN-ZeEnIMcHg_EATIsYSZpPsGsGuSF5g\/view?usp=sharing\">Trayectos y Tramos de Formaci\u00f3n Pedag\u00f3gica 2023. Nivel Secundario y Nivel Superior.<\/a><\/li>\n<li><a href=\"https:\/\/drive.google.com\/file\/d\/1AgItiTjMQ31XMwrhftZVorcd3xgq_0J4\/view?usp=sharing\">Anexo_1_res._no_2082<\/a><\/li>\n<\/ol>\n<\/div>\n<\/div>\n<p>\u00a0<\/p>\n<p><!--more--><\/p>","protected":false},"excerpt":{"rendered":"<p>DURACI\u00d3N: 1 (Un) A\u00f1o de formaci\u00f3n Acad\u00e9mica\u00a0(2 Cuatrimestres) \u2013\u00a0Carga horaria total de la carrera: 480Hs. INICIO: 2023 \u2013 FINALIZA: 2024\u00a0 REQUISITOS DE INGRESO: Quienes posean T\u00edtulo de T\u00e9cnico de Nivel Superior Universitario &#8211; Terciario o T\u00e9cnicos de Nivel Secundario y\/o Profesionales. Estar desempe\u00f1\u00e1ndose en el Nivel Secundario del Sistema Educativo Provincial actualmente.\u00a0(Obligatorio) Estar desempe\u00f1\u00e1ndose en &#8230; <a title=\"Trayecto de Formaci\u00f3n Pedag\u00f3gica Complementaria\" class=\"read-more\" href=\"https:\/\/isfdyt145-bue.infd.edu.ar\/sitio\/trayecto-de-formacion-pedagogica-complementaria-2\/trayecto-de-formacion-pedagogica-complementaria-3\/\" aria-label=\"More on Trayecto de Formaci\u00f3n Pedag\u00f3gica Complementaria\">[+]<\/a><\/p>\n","protected":false},"author":11,"featured_media":0,"parent":886,"menu_order":0,"comment_status":"closed","ping_status":"closed","template":"","meta":[],"acf":[],"_links":{"self":[{"href":"https:\/\/isfdyt145-bue.infd.edu.ar\/sitio\/wp-json\/wp\/v2\/pages\/884"}],"collection":[{"href":"https:\/\/isfdyt145-bue.infd.edu.ar\/sitio\/wp-json\/wp\/v2\/pages"}],"about":[{"href":"https:\/\/isfdyt145-bue.infd.edu.ar\/sitio\/wp-json\/wp\/v2\/types\/page"}],"author":[{"embeddable":true,"href":"https:\/\/isfdyt145-bue.infd.edu.ar\/sitio\/wp-json\/wp\/v2\/users\/11"}],"replies":[{"embeddable":true,"href":"https:\/\/isfdyt145-bue.infd.edu.ar\/sitio\/wp-json\/wp\/v2\/comments?post=884"}],"version-history":[{"count":23,"href":"https:\/\/isfdyt145-bue.infd.edu.ar\/sitio\/wp-json\/wp\/v2\/pages\/884\/revisions"}],"predecessor-version":[{"id":1149,"href":"https:\/\/isfdyt145-bue.infd.edu.ar\/sitio\/wp-json\/wp\/v2\/pages\/884\/revisions\/1149"}],"up":[{"embeddable":true,"href":"https:\/\/isfdyt145-bue.infd.edu.ar\/sitio\/wp-json\/wp\/v2\/pages\/886"}],"wp:attachment":[{"href":"https:\/\/isfdyt145-bue.infd.edu.ar\/sitio\/wp-json\/wp\/v2\/media?parent=884"}],"curies":[{"name":"wp","href":"https:\/\/api.w.org\/{rel}","templated":true}]}}