{"id":891,"date":"2020-11-20T00:31:11","date_gmt":"2020-11-20T03:31:11","guid":{"rendered":"https:\/\/isfdyt145-bue.infd.edu.ar\/sitio\/?page_id=891"},"modified":"2024-04-26T09:06:22","modified_gmt":"2024-04-26T12:06:22","slug":"propuesta-curricular","status":"publish","type":"page","link":"https:\/\/isfdyt145-bue.infd.edu.ar\/sitio\/docentes\/propuesta-curricular\/","title":{"rendered":"CONCURSOS Y ACTOS P\u00daBLICOS"},"content":{"rendered":"<header class=\"entry-header\">\n<h1 class=\"page-title\">ORIENTACIONES PARA LAS PRESENTACIONES DE ANTECEDENTES Y PROPUESTA PEDAG\u00d3GICA<\/h1>\n<\/header>\n<div class=\"entry-content clearfix\">\n<p><strong>INSCRIPCI\u00d3N A CONCURSOS POR LA RESOLUCI\u00d3N 5886\/03<\/strong><\/p>\n<p>La presente gu\u00eda sintetiza los pasos a seguir para la presentaci\u00f3n a los concursos por la Resoluci\u00f3n 5886\/03. Incorpora la documentaci\u00f3n a presentar y la modalidad de \u00a0evaluaci\u00f3n de los mismos.<\/p>\n<\/div>\n<p><a href=\"https:\/\/isfdyt145-bue.infd.edu.ar\/sitio\/wp-content\/uploads\/2020\/11\/Resoluci\u00f3n-5886-03-Cobertura-de-C\u00e1tedra.doc\">Resoluci\u00f3n 5886-03 &#8211; Cobertura de C\u00e1tedra<\/a><\/p>\n<p><a href=\"https:\/\/isfdyt145-bue.infd.edu.ar\/sitio\/wp-content\/uploads\/2020\/11\/Disposici\u00f3n-30-05-Instructivo-confecci\u00f3n-Proyectos-de-C\u00e1tedra.doc\">Disposici\u00f3n 30-05 &#8211; Instructivo confecci\u00f3n Proyectos de C\u00e1tedra<\/a><\/p>\n<p><a href=\"https:\/\/isfdyt145-bue.infd.edu.ar\/sitio\/wp-content\/uploads\/2020\/11\/Disposici\u00f3n-31-05-Espacio-de-la-Fundamentaci\u00f3n-Pedag\u00f3gica.doc\">Disposici\u00f3n 31-05 &#8211; Espacio de la Fundamentaci\u00f3n Pedag\u00f3gica<\/a><\/p>\n<p><a href=\"https:\/\/isfdyt145-bue.infd.edu.ar\/sitio\/wp-content\/uploads\/2020\/11\/Estructura-de-la-c\u00e1tedra.doc\">Estructura de la c\u00e1tedra<\/a><\/p>\n<p><a href=\"https:\/\/isfdyt145-bue.infd.edu.ar\/sitio\/wp-content\/uploads\/2020\/11\/Resoluci\u00f3n-4105-04-Extensi\u00f3n-e-Investigaci\u00f3n.doc\">Resoluci\u00f3n 4105-04 &#8211; Extensi\u00f3n e Investigaci\u00f3n<\/a><\/p>\n<p><a href=\"https:\/\/drive.google.com\/file\/d\/1qTORP_QOc4em56gOxxLS_o1MQYpZUkd6\/view?usp=sharing\">Resoluci\u00f3n No 1434 \u2013 Evaluaci\u00f3n en el Nivel Superior Terciario<\/a><\/p>\n<h2><span style=\"color: #000000;\"><strong>Organizaci\u00f3n de la carpeta o legajo<\/strong><\/span><\/h2>\n<p>Se presenta con los antecedentes laborales y t\u00edtulos, tiene que estar estructurada de la siguiente forma:<br \/>\n1. Car\u00e1tula. T\u00edtulos<br \/>\n2. Car\u00e1tula. Antecedentes laborales (certificaciones y calificaciones).<br \/>\n3. Car\u00e1tula. Cursos .Capacitaciones.<br \/>\n4. Car\u00e1tula. Concursos ganados.<br \/>\n5. Car\u00e1tula .Participaci\u00f3n en Congresos. Expositora.<br \/>\n6. Car\u00e1tula .Publicaciones<br \/>\n7. Car\u00e1tula .Participaci\u00f3n en Congreso como Asistente.<br \/>\n8. Car\u00e1tula. Cursos dictados .Seminarios.<br \/>\n9. Car\u00e1tula. Experiencia en el exterior.<br \/>\n10. Car\u00e1tula .Proyectos de Investigaci\u00f3n..<br \/>\n11. Otros<\/p>\n<h2><strong>Documentaci\u00f3n a Presentar<\/strong><\/h2>\n<p>Datos Personales y Antecedentes Laborales<\/p>\n<p>1)\u00a0\u00a0\u00a0\u00a0\u00a0\u00a0 Curr\u00edculum Vitae.<\/p>\n<p>2)\u00a0\u00a0\u00a0\u00a0\u00a0\u00a0\u00a0\u00a0<a href=\"https:\/\/isfdyt145-bue.infd.edu.ar\/sitio\/wp-content\/uploads\/2020\/11\/ANEXO-III.doc\">ANEXO III<\/a>\u00a0completo. Pueden acceder al archivo desde el enlace para completarlo e imprimirlo.<\/p>\n<p>3)\u00a0\u00a0\u00a0\u00a0\u00a0\u00a0 Fotocopia de t\u00edtulos<\/p>\n<p>4)\u00a0\u00a0\u00a0\u00a0\u00a0\u00a0 Fotocopia de cursos (de los \u00faltimos cinco a\u00f1os).<\/p>\n<p>5)\u00a0\u00a0\u00a0\u00a0\u00a0\u00a0 \u00daltimos conceptos.<\/p>\n<p>6)\u00a0\u00a0\u00a0\u00a0\u00a0\u00a0 Datos sobre la antig\u00fcedad<\/p>\n<p>7)\u00a0\u00a0\u00a0\u00a0\u00a0\u00a0 Otros datos que se consideren pertinentes para la asignatura, perspectiva o espacio que se postula.<\/p>\n<p>Nota aclaratoria: al momento de la inscripci\u00f3n deben presentarse los originales de toda aquella documentaci\u00f3n que se presenta en fotocopia para su legalizaci\u00f3n. Adem\u00e1s, se solicita que las fotocopias de los antecedentes se coloquen en el mismo orden que aparecen en el curr\u00edculum.<\/p>\n<p>Propuesta Pedag\u00f3gica\u00a0(se envia a <a href=\"mailto:isfdyt145villegas@abc.gob.ar\">isfdyt145villegas@abc.gob.ar<\/a>\u00a0\u00a0)<\/p>\n<p>1)\u00a0\u00a0\u00a0\u00a0\u00a0\u00a0 Datos de Encabezamiento:<\/p>\n<ol>\n<li>Provincia de Buenos Aires<\/li>\n<li>Direcci\u00f3n General de Cultura y Educaci\u00f3n<\/li>\n<li>Direcci\u00f3n de Educaci\u00f3n Superior<\/li>\n<li>ISFDyT. N\u00ba 145<\/li>\n<li>Carrera:<\/li>\n<li>Espacio curricular<\/li>\n<li>Curso lectivo<\/li>\n<li>Cantidad de horas semanales<\/li>\n<li>Duraci\u00f3n<\/li>\n<li>Profesor \/ a:<\/li>\n<\/ol>\n","protected":false},"excerpt":{"rendered":"<p>ORIENTACIONES PARA LAS PRESENTACIONES DE ANTECEDENTES Y PROPUESTA PEDAG\u00d3GICA INSCRIPCI\u00d3N A CONCURSOS POR LA RESOLUCI\u00d3N 5886\/03 La presente gu\u00eda sintetiza los pasos a seguir para la presentaci\u00f3n a los concursos por la Resoluci\u00f3n 5886\/03. Incorpora la documentaci\u00f3n a presentar y la modalidad de \u00a0evaluaci\u00f3n de los mismos. Resoluci\u00f3n 5886-03 &#8211; Cobertura de C\u00e1tedra Disposici\u00f3n 30-05 &#8230; <a title=\"CONCURSOS Y ACTOS P\u00daBLICOS\" class=\"read-more\" href=\"https:\/\/isfdyt145-bue.infd.edu.ar\/sitio\/docentes\/propuesta-curricular\/\" aria-label=\"More on CONCURSOS Y ACTOS P\u00daBLICOS\">[+]<\/a><\/p>\n","protected":false},"author":11,"featured_media":0,"parent":768,"menu_order":0,"comment_status":"closed","ping_status":"closed","template":"","meta":[],"acf":[],"_links":{"self":[{"href":"https:\/\/isfdyt145-bue.infd.edu.ar\/sitio\/wp-json\/wp\/v2\/pages\/891"}],"collection":[{"href":"https:\/\/isfdyt145-bue.infd.edu.ar\/sitio\/wp-json\/wp\/v2\/pages"}],"about":[{"href":"https:\/\/isfdyt145-bue.infd.edu.ar\/sitio\/wp-json\/wp\/v2\/types\/page"}],"author":[{"embeddable":true,"href":"https:\/\/isfdyt145-bue.infd.edu.ar\/sitio\/wp-json\/wp\/v2\/users\/11"}],"replies":[{"embeddable":true,"href":"https:\/\/isfdyt145-bue.infd.edu.ar\/sitio\/wp-json\/wp\/v2\/comments?post=891"}],"version-history":[{"count":10,"href":"https:\/\/isfdyt145-bue.infd.edu.ar\/sitio\/wp-json\/wp\/v2\/pages\/891\/revisions"}],"predecessor-version":[{"id":1177,"href":"https:\/\/isfdyt145-bue.infd.edu.ar\/sitio\/wp-json\/wp\/v2\/pages\/891\/revisions\/1177"}],"up":[{"embeddable":true,"href":"https:\/\/isfdyt145-bue.infd.edu.ar\/sitio\/wp-json\/wp\/v2\/pages\/768"}],"wp:attachment":[{"href":"https:\/\/isfdyt145-bue.infd.edu.ar\/sitio\/wp-json\/wp\/v2\/media?parent=891"}],"curies":[{"name":"wp","href":"https:\/\/api.w.org\/{rel}","templated":true}]}}