{"id":954,"date":"2020-12-03T22:21:06","date_gmt":"2020-12-04T01:21:06","guid":{"rendered":"https:\/\/isfdyt145-bue.infd.edu.ar\/sitio\/?page_id=954"},"modified":"2020-12-03T23:27:42","modified_gmt":"2020-12-04T02:27:42","slug":"equivalencias","status":"publish","type":"page","link":"https:\/\/isfdyt145-bue.infd.edu.ar\/sitio\/estudiantes\/equivalencias\/","title":{"rendered":"Equivalencias"},"content":{"rendered":"<h3><span style=\"color: #0000ff;\"><strong>\u00bfC\u00f3mo se solicitan equivalencias?<\/strong><\/span><\/h3>\n<p>Un estudiante podr\u00e1 pedir equivalencias de una determinada materia cuando hubiera aprobado estudios de contenidos similares o equivalentes, realizados en:<\/p>\n<p style=\"padding-left: 30px;\">\u2022el mismo Instituto<\/p>\n<p style=\"padding-left: 30px;\">\u2022en otra Instituci\u00f3n de Nivel Superior oficial o privada debidamente reconocida. (Art. 109 de reglamento).<\/p>\n<h4><span style=\"color: #0000ff;\">Formularios:<\/span><\/h4>\n<ul>\n<li><a href=\"https:\/\/isfdyt145-bue.infd.edu.ar\/sitio\/wp-content\/uploads\/2020\/12\/A14-Solicitud-de-Equivalencia-Resumen.pdf\">A14-Solicitud-de-Equivalencia-Resumen<\/a><\/li>\n<li><a href=\"https:\/\/isfdyt145-bue.infd.edu.ar\/sitio\/wp-content\/uploads\/2020\/12\/A14a-Solicitud-de-Equivalencia-Por-asignatura.pdf\">A14a-Solicitud-de-Equivalencia-Por-asignatura<\/a><\/li>\n<\/ul>\n<p><span style=\"color: #0000ff;\">Cronograma tentativo:\u00a0<\/span><\/p>\n<p style=\"padding-left: 30px;\">\u2022 Desde\u00a0 diciembre del a\u00f1o anterior hasta el 30\/05 del a\u00f1o en curso.\u00a0 Se presentan en preceptor\u00eda con los programas y el anal\u00edtico parcial debidamente foliados y autenticados. NO SE TRAMITAN EQUIVALENCIAS FUERA DE ESE PER\u00cdODO<\/p>\n<p style=\"padding-left: 30px;\">\u2022 Antes del 1\/6, la autoridad informar\u00e1 al estudiante de la aprobaci\u00f3n o no de la equivalencia.<\/p>\n<p>El otorgamiento de la equivalencia puede ser de car\u00e1cter total o parcial, en este \u00faltimo caso el docente determinar\u00e1 e informar\u00e1 la modalidad de complementaci\u00f3n de aprendizajes y la fecha de complementaci\u00f3n de los mismos<\/p>\n<p>Hasta tanto no se notifique de la obtenci\u00f3n de la equivalencia el alumno est\u00e1 obligado a continuar asistiendo a las clases de la materia. En fecha a confirmar antes del inicio de la tramitaci\u00f3n se realizar\u00e1 una reuni\u00f3n explicativa para todos los interesados.<\/p>\n","protected":false},"excerpt":{"rendered":"<p>\u00bfC\u00f3mo se solicitan equivalencias? Un estudiante podr\u00e1 pedir equivalencias de una determinada materia cuando hubiera aprobado estudios de contenidos similares o equivalentes, realizados en: \u2022el mismo Instituto \u2022en otra Instituci\u00f3n de Nivel Superior oficial o privada debidamente reconocida. (Art. 109 de reglamento). Formularios: A14-Solicitud-de-Equivalencia-Resumen A14a-Solicitud-de-Equivalencia-Por-asignatura Cronograma tentativo:\u00a0 \u2022 Desde\u00a0 diciembre del a\u00f1o anterior hasta el &#8230; <a title=\"Equivalencias\" class=\"read-more\" href=\"https:\/\/isfdyt145-bue.infd.edu.ar\/sitio\/estudiantes\/equivalencias\/\" aria-label=\"More on Equivalencias\">[+]<\/a><\/p>\n","protected":false},"author":11,"featured_media":0,"parent":692,"menu_order":0,"comment_status":"closed","ping_status":"closed","template":"","meta":[],"acf":[],"_links":{"self":[{"href":"https:\/\/isfdyt145-bue.infd.edu.ar\/sitio\/wp-json\/wp\/v2\/pages\/954"}],"collection":[{"href":"https:\/\/isfdyt145-bue.infd.edu.ar\/sitio\/wp-json\/wp\/v2\/pages"}],"about":[{"href":"https:\/\/isfdyt145-bue.infd.edu.ar\/sitio\/wp-json\/wp\/v2\/types\/page"}],"author":[{"embeddable":true,"href":"https:\/\/isfdyt145-bue.infd.edu.ar\/sitio\/wp-json\/wp\/v2\/users\/11"}],"replies":[{"embeddable":true,"href":"https:\/\/isfdyt145-bue.infd.edu.ar\/sitio\/wp-json\/wp\/v2\/comments?post=954"}],"version-history":[{"count":4,"href":"https:\/\/isfdyt145-bue.infd.edu.ar\/sitio\/wp-json\/wp\/v2\/pages\/954\/revisions"}],"predecessor-version":[{"id":966,"href":"https:\/\/isfdyt145-bue.infd.edu.ar\/sitio\/wp-json\/wp\/v2\/pages\/954\/revisions\/966"}],"up":[{"embeddable":true,"href":"https:\/\/isfdyt145-bue.infd.edu.ar\/sitio\/wp-json\/wp\/v2\/pages\/692"}],"wp:attachment":[{"href":"https:\/\/isfdyt145-bue.infd.edu.ar\/sitio\/wp-json\/wp\/v2\/media?parent=954"}],"curies":[{"name":"wp","href":"https:\/\/api.w.org\/{rel}","templated":true}]}}